{"id":80,"date":"2020-12-29T10:01:12","date_gmt":"2020-12-29T09:01:12","guid":{"rendered":"http:\/\/sufitron.dfirma.pl\/index.php\/co-powinienes-wiedziec-przed-montazem\/"},"modified":"2021-01-05T11:09:27","modified_gmt":"2021-01-05T10:09:27","slug":"co-powinienes-wiedziec-przed-montazem","status":"publish","type":"page","link":"https:\/\/sufitron.com\/index.php\/co-powinienes-wiedziec-przed-montazem\/","title":{"rendered":"Co powiniene\u015b wiedzie\u0107 przed monta\u017cem"},"content":{"rendered":"<p>[et_pb_section fb_built=&#8221;1&#8243; _builder_version=&#8221;3.26.3&#8243; custom_padding=&#8221;40px||40px||true|&#8221;][et_pb_row use_custom_gutter=&#8221;on&#8221; gutter_width=&#8221;2&#8243; make_equal=&#8221;on&#8221; _builder_version=&#8221;3.26.3&#8243; width=&#8221;98%&#8221; width_tablet=&#8221;90%&#8221; width_phone=&#8221;90%&#8221; width_last_edited=&#8221;on|tablet&#8221; max_width=&#8221;1140px&#8221; max_width_tablet=&#8221;90%&#8221; max_width_phone=&#8221;90%&#8221; max_width_last_edited=&#8221;on|phone&#8221; custom_padding=&#8221;||0px|||&#8221;][et_pb_column type=&#8221;4_4&#8243; _builder_version=&#8221;3.26.3&#8243;][et_pb_text _builder_version=&#8221;4.5.7&#8243; text_font=&#8221;Teko||||||||&#8221; text_text_color=&#8221;#ffffff&#8221; text_font_size=&#8221;18px&#8221; text_letter_spacing=&#8221;1px&#8221; text_line_height=&#8221;1em&#8221; background_color=&#8221;#101010&#8243; text_orientation=&#8221;center&#8221; max_width=&#8221;122px&#8221; module_alignment=&#8221;center&#8221; custom_padding=&#8221;12px||8px||false|false&#8221; text_text_align=&#8221;center&#8221;]SUFITRON[\/et_pb_text][et_pb_text _builder_version=&#8221;4.5.7&#8243; header_font=&#8221;Teko||||||||&#8221; header_text_color=&#8221;#101010&#8243; header_font_size=&#8221;45px&#8221; header_line_height=&#8221;1.3em&#8221; custom_margin_tablet=&#8221;-10px||||false|false&#8221; custom_margin_phone=&#8221;-10px||||false|false&#8221; custom_margin_last_edited=&#8221;on|desktop&#8221; hover_enabled=&#8221;0&#8243; header_font_size_tablet=&#8221;&#8221; header_font_size_phone=&#8221;30px&#8221; header_font_size_last_edited=&#8221;on|desktop&#8221;]<\/p>\n<h1 style=\"text-align: center;\">Je\u015bli planujesz monta\u017c sufitu napinanego<br \/>\nprosz\u0119 zapoznaj si\u0119 z informacjami pod spodem<\/h1>\n<p>[\/et_pb_text][et_pb_text _builder_version=&#8221;4.5.7&#8243; text_font=&#8221;Ubuntu||||||||&#8221; text_text_color=&#8221;#000000&#8243; text_font_size=&#8221;15px&#8221; header_font=&#8221;Teko||||||||&#8221; header_text_color=&#8221;#101010&#8243; header_font_size=&#8221;45px&#8221; header_line_height=&#8221;1.3em&#8221; custom_margin_tablet=&#8221;-10px||||false|false&#8221; custom_margin_phone=&#8221;-10px||||false|false&#8221; custom_margin_last_edited=&#8221;on|desktop&#8221; hover_enabled=&#8221;0&#8243; header_font_size_tablet=&#8221;&#8221; header_font_size_phone=&#8221;30px&#8221; header_font_size_last_edited=&#8221;on|desktop&#8221;]<\/p>\n<p style=\"text-align: justify;\">Sufit napinany montuje si\u0119 przed ostatnim malowaniem pomieszczenia.<\/p>\n<p style=\"text-align: justify;\">Profile aluminiowe montowane s\u0105 do twardego pod\u0142o\u017ca (obudowa g-k, \u015bciana z ceg\u0142y)<\/p>\n<p style=\"text-align: justify;\">Obni\u017cenie sufitu to min. 3 cm, a przy o\u015bwietleniu LED &#8211; min. 10 cm. Zawsze nale\u017cy przewidzie\u0107 miejsce na ukrycie zasilacza ( najlepiej poza pow\u0142ok\u0105 sufitu napinanego).<\/p>\n<p style=\"text-align: justify;\">Powierzchni\u0119 stropu nale\u017cy zagruntowa\u0107 b\u0105d\u017a pomalowa\u0107 aby unikn\u0105\u0107 kruszenia si\u0119 element\u00f3w starego sufitu na powlok\u0119 sufitu napinanego.<\/p>\n<p style=\"text-align: justify;\">Doliczane s\u0105 dodatkowe koszty w przypadku wiercenia w ceramice znajduj\u0105cej si\u0119 na \u015bcianach w celu przymocowania profili aluminiowych.<\/p>\n<p style=\"text-align: justify;\">Ustalona cena mo\u017ce ulec zmianie w przypadku pojawienia si\u0119 dodatkowych wad ujawnionych podczas monta\u017cu, o kt\u00f3rych wcze\u015bniej nie zostali\u015bmy poinformowani.<\/p>\n<p style=\"text-align: justify;\">W przypadku monta\u017cu na wysoko\u015bci powy\u017cej 3,5 m zostaj\u0105 doliczane dodatkowe koszty, kt\u00f3re s\u0105 ustalane indywidualnie z klientem.<\/p>\n<p style=\"text-align: justify;\">Przy zam\u00f3wieniu sufitu napinanego z fotodrukiem oferujemy wykonanie bezp\u0142atnego nadruku pr\u00f3bnego w celu akceptacji jako\u015bci sufitu. Je\u017celi pr\u00f3bny nadruk nie zostanie wykonany, reklamacje odno\u015bnie jako\u015bci nadruku niezb\u0119dnego obrazu nie b\u0119d\u0105 uwzgl\u0119dniane.<\/p>\n<p style=\"text-align: justify;\">Prosimy o przekazanie informacji w przypadku montowania sufit\u00f3w o r\u00f3\u017cnych szeroko\u015bciach,w jednakowym kolorze katalogowym w tych samych pomieszczeniach przy sk\u0142adaniu zam\u00f3wienia. Kolory z tego samego oznaczenia katalogowego, ale r\u00f3\u017cnych szeroko\u015bci rolek mog\u0105 si\u0119 minimalnie r\u00f3\u017cni\u0107.<\/p>\n<p style=\"text-align: justify;\">\u200b<span style=\"font-size: 15px;\">W przypadku zmiany terminu po stronie zamawiaj\u0105cego nale\u017cy poinformowa\u0107 Wykonawc\u0119 min 24 godziny wcze\u015bniej. Brak takiego poinformowania skutkuje naliczaniem dodatkowych op\u0142at.<\/span><\/p>\n<p style=\"text-align: justify;\">\u200b<span style=\"font-size: 15px;\">Przy nadrukach na du\u017cych sufitach z wyst\u0119powaniem szw\u00f3w, pojawia si\u0119 ryzyko zaistnienia przesuni\u0119cia fragmentu sufitu wzgl\u0119dem siebie. Mo\u017ce wyst\u0105pi\u0107 r\u00f3\u017cnica pomi\u0119dzy przys\u0142an\u0105 wizualizacj\u0105, a otrzymanym nadrukiem.<\/span><\/p>\n<p>[\/et_pb_text][\/et_pb_column][\/et_pb_row][\/et_pb_section][et_pb_section fb_built=&#8221;1&#8243; _builder_version=&#8221;4.5.7&#8243; custom_padding=&#8221;50px||50px||true|false&#8221; global_module=&#8221;99&#8243; saved_tabs=&#8221;all&#8221;][et_pb_row column_structure=&#8221;1_2,1_2&#8243; use_custom_gutter=&#8221;on&#8221; gutter_width=&#8221;2&#8243; make_equal=&#8221;on&#8221; _builder_version=&#8221;3.26.3&#8243; width=&#8221;98%&#8221; width_tablet=&#8221;90%&#8221; width_phone=&#8221;90%&#8221; width_last_edited=&#8221;on|tablet&#8221; max_width=&#8221;1140px&#8221; max_width_tablet=&#8221;90%&#8221; max_width_phone=&#8221;90%&#8221; max_width_last_edited=&#8221;on|phone&#8221; custom_padding=&#8221;0px||0px|||&#8221;][et_pb_column type=&#8221;1_2&#8243; _builder_version=&#8221;3.26.3&#8243;][et_pb_blurb use_icon=&#8221;on&#8221; font_icon=&#8221;%%149%%&#8221; icon_color=&#8221;#f85a24&#8243; icon_placement=&#8221;left&#8221; use_icon_font_size=&#8221;on&#8221; icon_font_size=&#8221;40px&#8221; _builder_version=&#8221;4.5.7&#8243; _module_preset=&#8221;default&#8221; body_font=&#8221;Ubuntu|700|||||||&#8221; body_text_color=&#8221;#000000&#8243; body_font_size=&#8221;20px&#8221; body_line_height=&#8221;1.8em&#8221;]SUFITRON<br \/>\nKamil Cieloch[\/et_pb_blurb][et_pb_blurb use_icon=&#8221;on&#8221; font_icon=&#8221;%%122%%&#8221; icon_color=&#8221;#f85a24&#8243; icon_placement=&#8221;left&#8221; use_icon_font_size=&#8221;on&#8221; icon_font_size=&#8221;40px&#8221; _builder_version=&#8221;4.5.7&#8243; _module_preset=&#8221;default&#8221; body_font=&#8221;Ubuntu|700|||||||&#8221; body_text_color=&#8221;#000000&#8243; body_font_size=&#8221;20px&#8221; body_line_height=&#8221;1.8em&#8221;]Zastronie 68A<br \/>\n26-500 Szyd\u0142owiec[\/et_pb_blurb][et_pb_blurb use_icon=&#8221;on&#8221; font_icon=&#8221;%%264%%&#8221; icon_color=&#8221;#f85a24&#8243; icon_placement=&#8221;left&#8221; use_icon_font_size=&#8221;on&#8221; icon_font_size=&#8221;40px&#8221; _builder_version=&#8221;4.5.7&#8243; _module_preset=&#8221;default&#8221; body_font=&#8221;Ubuntu|700|||||||&#8221; body_text_color=&#8221;#000000&#8243; body_font_size=&#8221;20px&#8221; body_line_height=&#8221;1.8em&#8221;]790-150-356\u200b[\/et_pb_blurb][et_pb_blurb use_icon=&#8221;on&#8221; font_icon=&#8221;%%153%%&#8221; icon_color=&#8221;#f85a24&#8243; icon_placement=&#8221;left&#8221; use_icon_font_size=&#8221;on&#8221; icon_font_size=&#8221;40px&#8221; _builder_version=&#8221;4.5.7&#8243; _module_preset=&#8221;default&#8221; body_font=&#8221;Ubuntu|700|||||||&#8221; body_text_color=&#8221;#000000&#8243; body_font_size=&#8221;20px&#8221; body_line_height=&#8221;1.8em&#8221;]sufitron@gmail.com[\/et_pb_blurb][\/et_pb_column][et_pb_column type=&#8221;1_2&#8243; _builder_version=&#8221;3.26.3&#8243;][et_pb_contact_form title=&#8221;Napisz do nas&#8221; _builder_version=&#8221;4.5.7&#8243; _module_preset=&#8221;default&#8221; form_field_text_color=&#8221;#000000&#8243; title_font=&#8221;Ubuntu||||||||&#8221; form_field_font=&#8221;Ubuntu||||||||&#8221; custom_button=&#8221;on&#8221; button_text_color=&#8221;#ffffff&#8221; button_bg_color=&#8221;#f85a24&#8243; box_shadow_style=&#8221;preset2&#8243; box_shadow_style_button=&#8221;preset2&#8243;][et_pb_contact_field field_id=&#8221;Twoje_Imi\u0119&#8221; field_title=&#8221;Twoje Imi\u0119&#8221; fullwidth_field=&#8221;on&#8221; _builder_version=&#8221;4.5.7&#8243; button_text_size__hover_enabled=&#8221;off&#8221; button_one_text_size__hover_enabled=&#8221;off&#8221; button_two_text_size__hover_enabled=&#8221;off&#8221; button_text_color__hover_enabled=&#8221;off&#8221; button_one_text_color__hover_enabled=&#8221;off&#8221; button_two_text_color__hover_enabled=&#8221;off&#8221; button_border_width__hover_enabled=&#8221;off&#8221; button_one_border_width__hover_enabled=&#8221;off&#8221; button_two_border_width__hover_enabled=&#8221;off&#8221; button_border_color__hover_enabled=&#8221;off&#8221; button_one_border_color__hover_enabled=&#8221;off&#8221; button_two_border_color__hover_enabled=&#8221;off&#8221; button_border_radius__hover_enabled=&#8221;off&#8221; button_one_border_radius__hover_enabled=&#8221;off&#8221; button_two_border_radius__hover_enabled=&#8221;off&#8221; button_letter_spacing__hover_enabled=&#8221;off&#8221; button_one_letter_spacing__hover_enabled=&#8221;off&#8221; button_two_letter_spacing__hover_enabled=&#8221;off&#8221; button_bg_color__hover_enabled=&#8221;off&#8221; button_one_bg_color__hover_enabled=&#8221;off&#8221; button_two_bg_color__hover_enabled=&#8221;off&#8221;][\/et_pb_contact_field][et_pb_contact_field field_id=&#8221;Tw\u00f3j_mail&#8221; field_title=&#8221;Tw\u00f3j mail&#8221; fullwidth_field=&#8221;on&#8221; _builder_version=&#8221;4.5.7&#8243; button_text_size__hover_enabled=&#8221;off&#8221; button_one_text_size__hover_enabled=&#8221;off&#8221; button_two_text_size__hover_enabled=&#8221;off&#8221; button_text_color__hover_enabled=&#8221;off&#8221; button_one_text_color__hover_enabled=&#8221;off&#8221; button_two_text_color__hover_enabled=&#8221;off&#8221; button_border_width__hover_enabled=&#8221;off&#8221; button_one_border_width__hover_enabled=&#8221;off&#8221; button_two_border_width__hover_enabled=&#8221;off&#8221; button_border_color__hover_enabled=&#8221;off&#8221; button_one_border_color__hover_enabled=&#8221;off&#8221; button_two_border_color__hover_enabled=&#8221;off&#8221; button_border_radius__hover_enabled=&#8221;off&#8221; button_one_border_radius__hover_enabled=&#8221;off&#8221; button_two_border_radius__hover_enabled=&#8221;off&#8221; button_letter_spacing__hover_enabled=&#8221;off&#8221; button_one_letter_spacing__hover_enabled=&#8221;off&#8221; button_two_letter_spacing__hover_enabled=&#8221;off&#8221; button_bg_color__hover_enabled=&#8221;off&#8221; button_one_bg_color__hover_enabled=&#8221;off&#8221; button_two_bg_color__hover_enabled=&#8221;off&#8221;][\/et_pb_contact_field][et_pb_contact_field field_id=&#8221;Message&#8221; field_title=&#8221;Wiadomo\u015b\u0107&#8221; field_type=&#8221;text&#8221; fullwidth_field=&#8221;on&#8221; _builder_version=&#8221;3.16&#8243; button_text_size__hover_enabled=&#8221;off&#8221; button_one_text_size__hover_enabled=&#8221;off&#8221; button_two_text_size__hover_enabled=&#8221;off&#8221; button_text_color__hover_enabled=&#8221;off&#8221; button_one_text_color__hover_enabled=&#8221;off&#8221; button_two_text_color__hover_enabled=&#8221;off&#8221; button_border_width__hover_enabled=&#8221;off&#8221; button_one_border_width__hover_enabled=&#8221;off&#8221; button_two_border_width__hover_enabled=&#8221;off&#8221; button_border_color__hover_enabled=&#8221;off&#8221; button_one_border_color__hover_enabled=&#8221;off&#8221; button_two_border_color__hover_enabled=&#8221;off&#8221; button_border_radius__hover_enabled=&#8221;off&#8221; button_one_border_radius__hover_enabled=&#8221;off&#8221; button_two_border_radius__hover_enabled=&#8221;off&#8221; button_letter_spacing__hover_enabled=&#8221;off&#8221; button_one_letter_spacing__hover_enabled=&#8221;off&#8221; button_two_letter_spacing__hover_enabled=&#8221;off&#8221; button_bg_color__hover_enabled=&#8221;off&#8221; button_one_bg_color__hover_enabled=&#8221;off&#8221; button_two_bg_color__hover_enabled=&#8221;off&#8221;][\/et_pb_contact_field][\/et_pb_contact_form][\/et_pb_column][\/et_pb_row][\/et_pb_section][et_pb_section fb_built=&#8221;1&#8243; fullwidth=&#8221;on&#8221; _builder_version=&#8221;4.5.7&#8243; _module_preset=&#8221;default&#8221; global_module=&#8221;100&#8243; saved_tabs=&#8221;all&#8221;][et_pb_fullwidth_code _builder_version=&#8221;4.5.7&#8243; _module_preset=&#8221;default&#8221;]<iframe loading=\"lazy\" src=\"https:\/\/www.google.com\/maps\/embed?pb=!1m18!1m12!1m3!1d2494.6198227648724!2d20.8807132157623!3d51.29971997960145!2m3!1f0!2f0!3f0!3m2!1i1024!2i768!4f13.1!3m3!1m2!1s0x47184fa4e5c04ce9%3A0x32eee6365b4c5e29!2sZastronie%2068%2C%2026-500%20Zastronie!5e0!3m2!1spl!2spl!4v1608643500662!5m2!1spl!2spl\" width=\"2500\" height=\"450\" frameborder=\"0\" style=\"border:0;\" allowfullscreen=\"\" aria-hidden=\"false\" tabindex=\"0\"><\/iframe>[\/et_pb_fullwidth_code][\/et_pb_section]<\/p>\n","protected":false},"excerpt":{"rendered":"<p>[et_pb_section fb_built=&#8221;1&#8243; _builder_version=&#8221;3.26.3&#8243; custom_padding=&#8221;40px||40px||true|&#8221;][et_pb_row use_custom_gutter=&#8221;on&#8221; gutter_width=&#8221;2&#8243; make_equal=&#8221;on&#8221; _builder_version=&#8221;3.26.3&#8243; width=&#8221;98%&#8221; width_tablet=&#8221;90%&#8221; width_phone=&#8221;90%&#8221; width_last_edited=&#8221;on|tablet&#8221; max_width=&#8221;1140px&#8221; max_width_tablet=&#8221;90%&#8221; max_width_phone=&#8221;90%&#8221; max_width_last_edited=&#8221;on|phone&#8221; custom_padding=&#8221;||0px|||&#8221;][et_pb_column type=&#8221;4_4&#8243; _builder_version=&#8221;3.26.3&#8243;][et_pb_text _builder_version=&#8221;4.5.7&#8243; text_font=&#8221;Teko||||||||&#8221; text_text_color=&#8221;#ffffff&#8221; text_font_size=&#8221;18px&#8221; text_letter_spacing=&#8221;1px&#8221; text_line_height=&#8221;1em&#8221; background_color=&#8221;#101010&#8243; text_orientation=&#8221;center&#8221; max_width=&#8221;122px&#8221; module_alignment=&#8221;center&#8221; custom_padding=&#8221;12px||8px||false|false&#8221; text_text_align=&#8221;center&#8221;]SUFITRON[\/et_pb_text][et_pb_text _builder_version=&#8221;4.5.7&#8243; header_font=&#8221;Teko||||||||&#8221; header_text_color=&#8221;#101010&#8243; header_font_size=&#8221;45px&#8221; header_line_height=&#8221;1.3em&#8221; custom_margin_tablet=&#8221;-10px||||false|false&#8221; custom_margin_phone=&#8221;-10px||||false|false&#8221; custom_margin_last_edited=&#8221;on|desktop&#8221; hover_enabled=&#8221;0&#8243; header_font_size_tablet=&#8221;&#8221; header_font_size_phone=&#8221;30px&#8221; header_font_size_last_edited=&#8221;on|desktop&#8221;] Je\u015bli planujesz monta\u017c sufitu napinanego prosz\u0119 zapoznaj si\u0119 z informacjami pod spodem [&hellip;]<\/p>\n","protected":false},"author":1,"featured_media":0,"parent":0,"menu_order":0,"comment_status":"closed","ping_status":"closed","template":"","meta":{"_et_pb_use_builder":"on","_et_pb_old_content":"","_et_gb_content_width":"","footnotes":""},"class_list":["post-80","page","type-page","status-publish","hentry"],"yoast_head":"<!-- This site is optimized with the Yoast SEO plugin v26.0 - https:\/\/yoast.com\/wordpress\/plugins\/seo\/ -->\n<title>Co powiniene\u015b wiedzie\u0107 przed monta\u017cem - SUFITRON - Panele fotowoltaiczne, Sufity napinane<\/title>\n<meta name=\"robots\" content=\"index, follow, max-snippet:-1, max-image-preview:large, max-video-preview:-1\" \/>\n<link rel=\"canonical\" href=\"https:\/\/sufitron.com\/index.php\/co-powinienes-wiedziec-przed-montazem\/\" \/>\n<meta property=\"og:locale\" content=\"pl_PL\" \/>\n<meta property=\"og:type\" content=\"article\" \/>\n<meta property=\"og:title\" content=\"Co powiniene\u015b wiedzie\u0107 przed monta\u017cem - SUFITRON - Panele fotowoltaiczne, Sufity napinane\" \/>\n<meta property=\"og:description\" content=\"[et_pb_section fb_built=&#8221;1&#8243; _builder_version=&#8221;3.26.3&#8243; custom_padding=&#8221;40px||40px||true|&#8221;][et_pb_row use_custom_gutter=&#8221;on&#8221; gutter_width=&#8221;2&#8243; make_equal=&#8221;on&#8221; _builder_version=&#8221;3.26.3&#8243; width=&#8221;98%&#8221; width_tablet=&#8221;90%&#8221; width_phone=&#8221;90%&#8221; width_last_edited=&#8221;on|tablet&#8221; max_width=&#8221;1140px&#8221; max_width_tablet=&#8221;90%&#8221; max_width_phone=&#8221;90%&#8221; max_width_last_edited=&#8221;on|phone&#8221; custom_padding=&#8221;||0px|||&#8221;][et_pb_column type=&#8221;4_4&#8243; _builder_version=&#8221;3.26.3&#8243;][et_pb_text _builder_version=&#8221;4.5.7&#8243; text_font=&#8221;Teko||||||||&#8221; text_text_color=&#8221;#ffffff&#8221; text_font_size=&#8221;18px&#8221; text_letter_spacing=&#8221;1px&#8221; text_line_height=&#8221;1em&#8221; background_color=&#8221;#101010&#8243; text_orientation=&#8221;center&#8221; max_width=&#8221;122px&#8221; module_alignment=&#8221;center&#8221; custom_padding=&#8221;12px||8px||false|false&#8221; text_text_align=&#8221;center&#8221;]SUFITRON[\/et_pb_text][et_pb_text _builder_version=&#8221;4.5.7&#8243; header_font=&#8221;Teko||||||||&#8221; header_text_color=&#8221;#101010&#8243; header_font_size=&#8221;45px&#8221; header_line_height=&#8221;1.3em&#8221; custom_margin_tablet=&#8221;-10px||||false|false&#8221; custom_margin_phone=&#8221;-10px||||false|false&#8221; custom_margin_last_edited=&#8221;on|desktop&#8221; hover_enabled=&#8221;0&#8243; header_font_size_tablet=&#8221;&#8221; header_font_size_phone=&#8221;30px&#8221; header_font_size_last_edited=&#8221;on|desktop&#8221;] Je\u015bli planujesz monta\u017c sufitu napinanego prosz\u0119 zapoznaj si\u0119 z informacjami pod spodem [&hellip;]\" \/>\n<meta property=\"og:url\" content=\"https:\/\/sufitron.com\/index.php\/co-powinienes-wiedziec-przed-montazem\/\" \/>\n<meta property=\"og:site_name\" content=\"SUFITRON - Panele fotowoltaiczne, Sufity napinane\" \/>\n<meta property=\"article:modified_time\" content=\"2021-01-05T10:09:27+00:00\" \/>\n<meta name=\"twitter:card\" content=\"summary_large_image\" \/>\n<meta name=\"twitter:label1\" content=\"Szacowany czas czytania\" \/>\n\t<meta name=\"twitter:data1\" content=\"7 minut\" \/>\n<script type=\"application\/ld+json\" class=\"yoast-schema-graph\">{\"@context\":\"https:\/\/schema.org\",\"@graph\":[{\"@type\":\"WebPage\",\"@id\":\"https:\/\/sufitron.com\/index.php\/co-powinienes-wiedziec-przed-montazem\/\",\"url\":\"https:\/\/sufitron.com\/index.php\/co-powinienes-wiedziec-przed-montazem\/\",\"name\":\"Co powiniene\u015b wiedzie\u0107 przed monta\u017cem - SUFITRON - Panele fotowoltaiczne, Sufity napinane\",\"isPartOf\":{\"@id\":\"https:\/\/sufitron.com\/#website\"},\"datePublished\":\"2020-12-29T09:01:12+00:00\",\"dateModified\":\"2021-01-05T10:09:27+00:00\",\"breadcrumb\":{\"@id\":\"https:\/\/sufitron.com\/index.php\/co-powinienes-wiedziec-przed-montazem\/#breadcrumb\"},\"inLanguage\":\"pl-PL\",\"potentialAction\":[{\"@type\":\"ReadAction\",\"target\":[\"https:\/\/sufitron.com\/index.php\/co-powinienes-wiedziec-przed-montazem\/\"]}]},{\"@type\":\"BreadcrumbList\",\"@id\":\"https:\/\/sufitron.com\/index.php\/co-powinienes-wiedziec-przed-montazem\/#breadcrumb\",\"itemListElement\":[{\"@type\":\"ListItem\",\"position\":1,\"name\":\"Strona g\u0142\u00f3wna\",\"item\":\"https:\/\/sufitron.com\/\"},{\"@type\":\"ListItem\",\"position\":2,\"name\":\"Co powiniene\u015b wiedzie\u0107 przed monta\u017cem\"}]},{\"@type\":\"WebSite\",\"@id\":\"https:\/\/sufitron.com\/#website\",\"url\":\"https:\/\/sufitron.com\/\",\"name\":\"SUFITRON - Panele fotowoltaiczne, Sufity napinane\",\"description\":\"Postaw na jako\u015b\u0107\",\"potentialAction\":[{\"@type\":\"SearchAction\",\"target\":{\"@type\":\"EntryPoint\",\"urlTemplate\":\"https:\/\/sufitron.com\/?s={search_term_string}\"},\"query-input\":{\"@type\":\"PropertyValueSpecification\",\"valueRequired\":true,\"valueName\":\"search_term_string\"}}],\"inLanguage\":\"pl-PL\"}]}<\/script>\n<!-- \/ Yoast SEO plugin. -->","yoast_head_json":{"title":"Co powiniene\u015b wiedzie\u0107 przed monta\u017cem - SUFITRON - Panele fotowoltaiczne, Sufity napinane","robots":{"index":"index","follow":"follow","max-snippet":"max-snippet:-1","max-image-preview":"max-image-preview:large","max-video-preview":"max-video-preview:-1"},"canonical":"https:\/\/sufitron.com\/index.php\/co-powinienes-wiedziec-przed-montazem\/","og_locale":"pl_PL","og_type":"article","og_title":"Co powiniene\u015b wiedzie\u0107 przed monta\u017cem - SUFITRON - Panele fotowoltaiczne, Sufity napinane","og_description":"[et_pb_section fb_built=&#8221;1&#8243; _builder_version=&#8221;3.26.3&#8243; custom_padding=&#8221;40px||40px||true|&#8221;][et_pb_row use_custom_gutter=&#8221;on&#8221; gutter_width=&#8221;2&#8243; make_equal=&#8221;on&#8221; _builder_version=&#8221;3.26.3&#8243; width=&#8221;98%&#8221; width_tablet=&#8221;90%&#8221; width_phone=&#8221;90%&#8221; width_last_edited=&#8221;on|tablet&#8221; max_width=&#8221;1140px&#8221; max_width_tablet=&#8221;90%&#8221; max_width_phone=&#8221;90%&#8221; max_width_last_edited=&#8221;on|phone&#8221; custom_padding=&#8221;||0px|||&#8221;][et_pb_column type=&#8221;4_4&#8243; _builder_version=&#8221;3.26.3&#8243;][et_pb_text _builder_version=&#8221;4.5.7&#8243; text_font=&#8221;Teko||||||||&#8221; text_text_color=&#8221;#ffffff&#8221; text_font_size=&#8221;18px&#8221; text_letter_spacing=&#8221;1px&#8221; text_line_height=&#8221;1em&#8221; background_color=&#8221;#101010&#8243; text_orientation=&#8221;center&#8221; max_width=&#8221;122px&#8221; module_alignment=&#8221;center&#8221; custom_padding=&#8221;12px||8px||false|false&#8221; text_text_align=&#8221;center&#8221;]SUFITRON[\/et_pb_text][et_pb_text _builder_version=&#8221;4.5.7&#8243; header_font=&#8221;Teko||||||||&#8221; header_text_color=&#8221;#101010&#8243; header_font_size=&#8221;45px&#8221; header_line_height=&#8221;1.3em&#8221; custom_margin_tablet=&#8221;-10px||||false|false&#8221; custom_margin_phone=&#8221;-10px||||false|false&#8221; custom_margin_last_edited=&#8221;on|desktop&#8221; hover_enabled=&#8221;0&#8243; header_font_size_tablet=&#8221;&#8221; header_font_size_phone=&#8221;30px&#8221; header_font_size_last_edited=&#8221;on|desktop&#8221;] Je\u015bli planujesz monta\u017c sufitu napinanego prosz\u0119 zapoznaj si\u0119 z informacjami pod spodem [&hellip;]","og_url":"https:\/\/sufitron.com\/index.php\/co-powinienes-wiedziec-przed-montazem\/","og_site_name":"SUFITRON - Panele fotowoltaiczne, Sufity napinane","article_modified_time":"2021-01-05T10:09:27+00:00","twitter_card":"summary_large_image","twitter_misc":{"Szacowany czas czytania":"7 minut"},"schema":{"@context":"https:\/\/schema.org","@graph":[{"@type":"WebPage","@id":"https:\/\/sufitron.com\/index.php\/co-powinienes-wiedziec-przed-montazem\/","url":"https:\/\/sufitron.com\/index.php\/co-powinienes-wiedziec-przed-montazem\/","name":"Co powiniene\u015b wiedzie\u0107 przed monta\u017cem - SUFITRON - Panele fotowoltaiczne, Sufity napinane","isPartOf":{"@id":"https:\/\/sufitron.com\/#website"},"datePublished":"2020-12-29T09:01:12+00:00","dateModified":"2021-01-05T10:09:27+00:00","breadcrumb":{"@id":"https:\/\/sufitron.com\/index.php\/co-powinienes-wiedziec-przed-montazem\/#breadcrumb"},"inLanguage":"pl-PL","potentialAction":[{"@type":"ReadAction","target":["https:\/\/sufitron.com\/index.php\/co-powinienes-wiedziec-przed-montazem\/"]}]},{"@type":"BreadcrumbList","@id":"https:\/\/sufitron.com\/index.php\/co-powinienes-wiedziec-przed-montazem\/#breadcrumb","itemListElement":[{"@type":"ListItem","position":1,"name":"Strona g\u0142\u00f3wna","item":"https:\/\/sufitron.com\/"},{"@type":"ListItem","position":2,"name":"Co powiniene\u015b wiedzie\u0107 przed monta\u017cem"}]},{"@type":"WebSite","@id":"https:\/\/sufitron.com\/#website","url":"https:\/\/sufitron.com\/","name":"SUFITRON - Panele fotowoltaiczne, Sufity napinane","description":"Postaw na jako\u015b\u0107","potentialAction":[{"@type":"SearchAction","target":{"@type":"EntryPoint","urlTemplate":"https:\/\/sufitron.com\/?s={search_term_string}"},"query-input":{"@type":"PropertyValueSpecification","valueRequired":true,"valueName":"search_term_string"}}],"inLanguage":"pl-PL"}]}},"_links":{"self":[{"href":"https:\/\/sufitron.com\/index.php\/wp-json\/wp\/v2\/pages\/80","targetHints":{"allow":["GET"]}}],"collection":[{"href":"https:\/\/sufitron.com\/index.php\/wp-json\/wp\/v2\/pages"}],"about":[{"href":"https:\/\/sufitron.com\/index.php\/wp-json\/wp\/v2\/types\/page"}],"author":[{"embeddable":true,"href":"https:\/\/sufitron.com\/index.php\/wp-json\/wp\/v2\/users\/1"}],"replies":[{"embeddable":true,"href":"https:\/\/sufitron.com\/index.php\/wp-json\/wp\/v2\/comments?post=80"}],"version-history":[{"count":0,"href":"https:\/\/sufitron.com\/index.php\/wp-json\/wp\/v2\/pages\/80\/revisions"}],"wp:attachment":[{"href":"https:\/\/sufitron.com\/index.php\/wp-json\/wp\/v2\/media?parent=80"}],"curies":[{"name":"wp","href":"https:\/\/api.w.org\/{rel}","templated":true}]}}