{"id":8,"date":"2020-12-22T14:04:11","date_gmt":"2020-12-22T13:04:11","guid":{"rendered":"http:\/\/sufitron.dfirma.pl\/index.php\/instalacje-fotowoltaiczne\/"},"modified":"2021-01-20T08:18:16","modified_gmt":"2021-01-20T07:18:16","slug":"instalacje-fotowoltaiczne","status":"publish","type":"page","link":"https:\/\/sufitron.com\/index.php\/instalacje-fotowoltaiczne\/","title":{"rendered":"INSTALACJE FOTOWOLTAICZNE"},"content":{"rendered":"<p>[et_pb_section fb_built=&#8221;1&#8243; _builder_version=&#8221;4.5.7&#8243; _module_preset=&#8221;default&#8221; background_image=&#8221;https:\/\/sufitron.com\/wp-content\/uploads\/2020\/12\/solar-power-862602_1920.jpg&#8221; background_position=&#8221;top_center&#8221; background_blend=&#8221;hard-light&#8221; width=&#8221;99.5%&#8221; min_height=&#8221;1528.5px&#8221; custom_margin=&#8221;||-36px|||&#8221; custom_padding=&#8221;||0px|||&#8221; hover_enabled=&#8221;0&#8243;][et_pb_row _builder_version=&#8221;4.5.7&#8243; _module_preset=&#8221;default&#8221; custom_padding=&#8221;||0px|||&#8221; hover_enabled=&#8221;0&#8243;][et_pb_column type=&#8221;4_4&#8243; _builder_version=&#8221;4.5.7&#8243; _module_preset=&#8221;default&#8221;][et_pb_text _builder_version=&#8221;4.5.7&#8243; _module_preset=&#8221;default&#8221; text_font=&#8221;Actor||||||||&#8221; text_text_color=&#8221;#e02b20&#8243; text_font_size=&#8221;46px&#8221; text_letter_spacing=&#8221;6px&#8221; custom_padding=&#8221;||0px|||&#8221; hover_enabled=&#8221;0&#8243;]<\/p>\n<p><img loading=\"lazy\" decoding=\"async\" src=\"https:\/\/sufitron.com\/wp-content\/uploads\/2021\/01\/pobrany-plik-7-300x60.png\" width=\"165\" height=\"33\" alt=\"\" class=\"wp-image-427 alignnone size-medium\" \/>\u00a0<b style=\"font-size: 46px; background-color: #ffffff; color: rgba(0, 0, 0, 0.63); text-align: left;\"><img loading=\"lazy\" decoding=\"async\" src=\"https:\/\/sufitron.com\/wp-content\/uploads\/2021\/01\/pobrany-plik-1.png\" width=\"70\" height=\"70\" alt=\"\" class=\"wp-image-408 alignnone size-full\" style=\"font-size: 46px;\" srcset=\"https:\/\/sufitron.com\/wp-content\/uploads\/2021\/01\/pobrany-plik-1.png 225w, https:\/\/sufitron.com\/wp-content\/uploads\/2021\/01\/pobrany-plik-1-150x150.png 150w\" sizes=\"auto, (max-width: 70px) 100vw, 70px\" \/>\u00a0<img loading=\"lazy\" decoding=\"async\" src=\"https:\/\/sufitron.com\/wp-content\/uploads\/2021\/01\/pobrany-plik-300x85.png\" width=\"148\" height=\"42\" alt=\"\" class=\"wp-image-409 alignnone size-medium\" srcset=\"https:\/\/sufitron.com\/wp-content\/uploads\/2021\/01\/pobrany-plik-300x85.png 300w, https:\/\/sufitron.com\/wp-content\/uploads\/2021\/01\/pobrany-plik.png 422w\" sizes=\"auto, (max-width: 148px) 100vw, 148px\" \/>\u00a0<img loading=\"lazy\" decoding=\"async\" src=\"https:\/\/sufitron.com\/wp-content\/uploads\/2021\/01\/pobrany-plik-4-300x79.jpg\" width=\"141\" height=\"37\" alt=\"\" class=\"wp-image-410 alignnone size-medium\" srcset=\"https:\/\/sufitron.com\/wp-content\/uploads\/2021\/01\/pobrany-plik-4-300x79.jpg 300w, https:\/\/sufitron.com\/wp-content\/uploads\/2021\/01\/pobrany-plik-4.jpg 436w\" sizes=\"auto, (max-width: 141px) 100vw, 141px\" \/>\u00a0<img loading=\"lazy\" decoding=\"async\" src=\"https:\/\/sufitron.com\/wp-content\/uploads\/2021\/01\/pobrany-plik-5.jpg\" width=\"114\" height=\"63\" alt=\"\" class=\"wp-image-413 alignnone size-full\" \/>\u00a0<img loading=\"lazy\" decoding=\"async\" src=\"https:\/\/sufitron.com\/wp-content\/uploads\/2021\/01\/pobrany-plik-2-300x67.png\" width=\"188\" height=\"42\" alt=\"\" class=\"wp-image-414 alignnone size-medium\" srcset=\"https:\/\/sufitron.com\/wp-content\/uploads\/2021\/01\/pobrany-plik-2-300x67.png 300w, https:\/\/sufitron.com\/wp-content\/uploads\/2021\/01\/pobrany-plik-2.png 473w\" sizes=\"auto, (max-width: 188px) 100vw, 188px\" \/>\u00a0<img loading=\"lazy\" decoding=\"async\" src=\"https:\/\/sufitron.com\/wp-content\/uploads\/2021\/01\/pobrany-plik-3.png\" width=\"152\" height=\"84\" alt=\"\" class=\"wp-image-420 alignnone size-full\" \/><img loading=\"lazy\" decoding=\"async\" src=\"https:\/\/sufitron.com\/wp-content\/uploads\/2021\/01\/pobrany-plik-6-300x154.jpg\" width=\"179\" height=\"92\" alt=\"\" class=\"wp-image-422 alignnone size-medium\" srcset=\"https:\/\/sufitron.com\/wp-content\/uploads\/2021\/01\/pobrany-plik-6-300x154.jpg 300w, https:\/\/sufitron.com\/wp-content\/uploads\/2021\/01\/pobrany-plik-6.jpg 313w\" sizes=\"auto, (max-width: 179px) 100vw, 179px\" \/>\u00a0<img loading=\"lazy\" decoding=\"async\" src=\"https:\/\/sufitron.com\/wp-content\/uploads\/2021\/01\/pobrany-plik-4-300x99.png\" width=\"182\" height=\"60\" alt=\"\" class=\"wp-image-423 alignnone size-medium\" srcset=\"https:\/\/sufitron.com\/wp-content\/uploads\/2021\/01\/pobrany-plik-4-300x99.png 300w, https:\/\/sufitron.com\/wp-content\/uploads\/2021\/01\/pobrany-plik-4.png 390w\" sizes=\"auto, (max-width: 182px) 100vw, 182px\" \/>\u00a0<img loading=\"lazy\" decoding=\"async\" src=\"https:\/\/sufitron.com\/wp-content\/uploads\/2021\/01\/pobrany-plik-5-300x105.png\" width=\"200\" height=\"70\" alt=\"\" class=\"wp-image-424 alignnone size-medium\" srcset=\"https:\/\/sufitron.com\/wp-content\/uploads\/2021\/01\/pobrany-plik-5-300x105.png 300w, https:\/\/sufitron.com\/wp-content\/uploads\/2021\/01\/pobrany-plik-5.png 379w\" sizes=\"auto, (max-width: 200px) 100vw, 200px\" \/>\u00a0<img loading=\"lazy\" decoding=\"async\" src=\"https:\/\/sufitron.com\/wp-content\/uploads\/2021\/01\/pobrany-plik-6.png\" width=\"184\" height=\"102\" alt=\"\" class=\"wp-image-425 alignnone size-full\" \/><\/b><\/p>\n<p>[\/et_pb_text][\/et_pb_column][\/et_pb_row][et_pb_row _builder_version=&#8221;4.5.7&#8243; _module_preset=&#8221;default&#8221; custom_padding=&#8221;||0px|||&#8221; hover_enabled=&#8221;0&#8243; custom_margin=&#8221;50px||||false|false&#8221;][et_pb_column type=&#8221;4_4&#8243; _builder_version=&#8221;4.5.7&#8243; _module_preset=&#8221;default&#8221;][et_pb_text _builder_version=&#8221;4.5.7&#8243; _module_preset=&#8221;default&#8221; text_font=&#8221;Actor||||||||&#8221; text_text_color=&#8221;#e02b20&#8243; text_font_size=&#8221;46px&#8221; text_letter_spacing=&#8221;6px&#8221; custom_margin=&#8221;||-397px|||&#8221; custom_padding=&#8221;||0px|||&#8221; hover_enabled=&#8221;0&#8243; text_font_size_last_edited=&#8221;on|phone&#8221; text_font_size_phone=&#8221;30px&#8221; text_line_height=&#8221;1.8em&#8221; background_color=&#8221;#ffffff&#8221;]<\/p>\n<p style=\"text-align: center;\"><strong>ENERGIA ZE S\u0141O\u0143CA<\/strong><\/p>\n<p style=\"text-align: center;\"><b>SKONTAKTUJ SI\u0118 Z NAMI I UM\u00d3W\u00a0<\/b><b><\/b><span>\u00a0<\/span><b>NA DARMOWY A<\/b><b>UDYT.\u00a0<\/b><\/p>\n<p style=\"text-align: center;\"><strong><\/strong><span><\/span><b>POR\u00d3WNAJ OFERTY<\/b><\/p>\n<p>[\/et_pb_text][\/et_pb_column][\/et_pb_row][\/et_pb_section]<\/p>\n","protected":false},"excerpt":{"rendered":"<p>[et_pb_section fb_built=&#8221;1&#8243; _builder_version=&#8221;4.5.7&#8243; _module_preset=&#8221;default&#8221; background_image=&#8221;https:\/\/sufitron.com\/wp-content\/uploads\/2020\/12\/solar-power-862602_1920.jpg&#8221; background_position=&#8221;top_center&#8221; background_blend=&#8221;hard-light&#8221; width=&#8221;99.5%&#8221; min_height=&#8221;1528.5px&#8221; custom_margin=&#8221;||-36px|||&#8221; custom_padding=&#8221;||0px|||&#8221; hover_enabled=&#8221;0&#8243;][et_pb_row _builder_version=&#8221;4.5.7&#8243; _module_preset=&#8221;default&#8221; custom_padding=&#8221;||0px|||&#8221; hover_enabled=&#8221;0&#8243;][et_pb_column type=&#8221;4_4&#8243; _builder_version=&#8221;4.5.7&#8243; _module_preset=&#8221;default&#8221;][et_pb_text _builder_version=&#8221;4.5.7&#8243; _module_preset=&#8221;default&#8221; text_font=&#8221;Actor||||||||&#8221; text_text_color=&#8221;#e02b20&#8243; text_font_size=&#8221;46px&#8221; text_letter_spacing=&#8221;6px&#8221; custom_padding=&#8221;||0px|||&#8221; hover_enabled=&#8221;0&#8243;] \u00a0\u00a0\u00a0\u00a0\u00a0\u00a0\u00a0\u00a0\u00a0 [\/et_pb_text][\/et_pb_column][\/et_pb_row][et_pb_row _builder_version=&#8221;4.5.7&#8243; _module_preset=&#8221;default&#8221; custom_padding=&#8221;||0px|||&#8221; hover_enabled=&#8221;0&#8243; custom_margin=&#8221;50px||||false|false&#8221;][et_pb_column type=&#8221;4_4&#8243; _builder_version=&#8221;4.5.7&#8243; _module_preset=&#8221;default&#8221;][et_pb_text _builder_version=&#8221;4.5.7&#8243; _module_preset=&#8221;default&#8221; text_font=&#8221;Actor||||||||&#8221; text_text_color=&#8221;#e02b20&#8243; text_font_size=&#8221;46px&#8221; text_letter_spacing=&#8221;6px&#8221; custom_margin=&#8221;||-397px|||&#8221; custom_padding=&#8221;||0px|||&#8221; hover_enabled=&#8221;0&#8243; text_font_size_last_edited=&#8221;on|phone&#8221; text_font_size_phone=&#8221;30px&#8221; text_line_height=&#8221;1.8em&#8221; background_color=&#8221;#ffffff&#8221;] ENERGIA ZE S\u0141O\u0143CA SKONTAKTUJ SI\u0118 [&hellip;]<\/p>\n","protected":false},"author":1,"featured_media":0,"parent":0,"menu_order":0,"comment_status":"closed","ping_status":"closed","template":"","meta":{"_et_pb_use_builder":"on","_et_pb_old_content":"","_et_gb_content_width":"","footnotes":""},"class_list":["post-8","page","type-page","status-publish","hentry"],"yoast_head":"<!-- This site is optimized with the Yoast SEO plugin v26.0 - https:\/\/yoast.com\/wordpress\/plugins\/seo\/ -->\n<title>INSTALACJE FOTOWOLTAICZNE - SUFITRON - Panele fotowoltaiczne, Sufity napinane<\/title>\n<meta name=\"robots\" content=\"index, follow, max-snippet:-1, max-image-preview:large, max-video-preview:-1\" \/>\n<link rel=\"canonical\" href=\"https:\/\/sufitron.com\/index.php\/instalacje-fotowoltaiczne\/\" \/>\n<meta property=\"og:locale\" content=\"pl_PL\" \/>\n<meta property=\"og:type\" content=\"article\" \/>\n<meta property=\"og:title\" content=\"INSTALACJE FOTOWOLTAICZNE - SUFITRON - Panele fotowoltaiczne, Sufity napinane\" \/>\n<meta property=\"og:description\" content=\"[et_pb_section fb_built=&#8221;1&#8243; _builder_version=&#8221;4.5.7&#8243; _module_preset=&#8221;default&#8221; background_image=&#8221;https:\/\/sufitron.com\/wp-content\/uploads\/2020\/12\/solar-power-862602_1920.jpg&#8221; background_position=&#8221;top_center&#8221; background_blend=&#8221;hard-light&#8221; width=&#8221;99.5%&#8221; min_height=&#8221;1528.5px&#8221; custom_margin=&#8221;||-36px|||&#8221; custom_padding=&#8221;||0px|||&#8221; hover_enabled=&#8221;0&#8243;][et_pb_row _builder_version=&#8221;4.5.7&#8243; _module_preset=&#8221;default&#8221; custom_padding=&#8221;||0px|||&#8221; hover_enabled=&#8221;0&#8243;][et_pb_column type=&#8221;4_4&#8243; _builder_version=&#8221;4.5.7&#8243; _module_preset=&#8221;default&#8221;][et_pb_text _builder_version=&#8221;4.5.7&#8243; _module_preset=&#8221;default&#8221; text_font=&#8221;Actor||||||||&#8221; text_text_color=&#8221;#e02b20&#8243; text_font_size=&#8221;46px&#8221; text_letter_spacing=&#8221;6px&#8221; custom_padding=&#8221;||0px|||&#8221; hover_enabled=&#8221;0&#8243;] \u00a0\u00a0\u00a0\u00a0\u00a0\u00a0\u00a0\u00a0\u00a0 [\/et_pb_text][\/et_pb_column][\/et_pb_row][et_pb_row _builder_version=&#8221;4.5.7&#8243; _module_preset=&#8221;default&#8221; custom_padding=&#8221;||0px|||&#8221; hover_enabled=&#8221;0&#8243; custom_margin=&#8221;50px||||false|false&#8221;][et_pb_column type=&#8221;4_4&#8243; _builder_version=&#8221;4.5.7&#8243; _module_preset=&#8221;default&#8221;][et_pb_text _builder_version=&#8221;4.5.7&#8243; _module_preset=&#8221;default&#8221; text_font=&#8221;Actor||||||||&#8221; text_text_color=&#8221;#e02b20&#8243; text_font_size=&#8221;46px&#8221; text_letter_spacing=&#8221;6px&#8221; custom_margin=&#8221;||-397px|||&#8221; custom_padding=&#8221;||0px|||&#8221; hover_enabled=&#8221;0&#8243; text_font_size_last_edited=&#8221;on|phone&#8221; text_font_size_phone=&#8221;30px&#8221; text_line_height=&#8221;1.8em&#8221; background_color=&#8221;#ffffff&#8221;] ENERGIA ZE S\u0141O\u0143CA SKONTAKTUJ SI\u0118 [&hellip;]\" \/>\n<meta property=\"og:url\" content=\"https:\/\/sufitron.com\/index.php\/instalacje-fotowoltaiczne\/\" \/>\n<meta property=\"og:site_name\" content=\"SUFITRON - Panele fotowoltaiczne, Sufity napinane\" \/>\n<meta property=\"article:modified_time\" content=\"2021-01-20T07:18:16+00:00\" \/>\n<meta property=\"og:image\" content=\"http:\/\/sufitron.dfirma.pl\/wp-content\/uploads\/2021\/01\/pobrany-plik-7-300x60.png\" \/>\n<meta name=\"twitter:card\" content=\"summary_large_image\" \/>\n<meta name=\"twitter:label1\" content=\"Szacowany czas czytania\" \/>\n\t<meta name=\"twitter:data1\" content=\"1 minuta\" \/>\n<script type=\"application\/ld+json\" class=\"yoast-schema-graph\">{\"@context\":\"https:\/\/schema.org\",\"@graph\":[{\"@type\":\"WebPage\",\"@id\":\"https:\/\/sufitron.com\/index.php\/instalacje-fotowoltaiczne\/\",\"url\":\"https:\/\/sufitron.com\/index.php\/instalacje-fotowoltaiczne\/\",\"name\":\"INSTALACJE FOTOWOLTAICZNE - SUFITRON - Panele fotowoltaiczne, Sufity napinane\",\"isPartOf\":{\"@id\":\"https:\/\/sufitron.com\/#website\"},\"primaryImageOfPage\":{\"@id\":\"https:\/\/sufitron.com\/index.php\/instalacje-fotowoltaiczne\/#primaryimage\"},\"image\":{\"@id\":\"https:\/\/sufitron.com\/index.php\/instalacje-fotowoltaiczne\/#primaryimage\"},\"thumbnailUrl\":\"https:\/\/sufitron.com\/wp-content\/uploads\/2021\/01\/pobrany-plik-7-300x60.png\",\"datePublished\":\"2020-12-22T13:04:11+00:00\",\"dateModified\":\"2021-01-20T07:18:16+00:00\",\"breadcrumb\":{\"@id\":\"https:\/\/sufitron.com\/index.php\/instalacje-fotowoltaiczne\/#breadcrumb\"},\"inLanguage\":\"pl-PL\",\"potentialAction\":[{\"@type\":\"ReadAction\",\"target\":[\"https:\/\/sufitron.com\/index.php\/instalacje-fotowoltaiczne\/\"]}]},{\"@type\":\"ImageObject\",\"inLanguage\":\"pl-PL\",\"@id\":\"https:\/\/sufitron.com\/index.php\/instalacje-fotowoltaiczne\/#primaryimage\",\"url\":\"https:\/\/sufitron.com\/wp-content\/uploads\/2021\/01\/pobrany-plik-7.png\",\"contentUrl\":\"https:\/\/sufitron.com\/wp-content\/uploads\/2021\/01\/pobrany-plik-7.png\",\"width\":503,\"height\":100},{\"@type\":\"BreadcrumbList\",\"@id\":\"https:\/\/sufitron.com\/index.php\/instalacje-fotowoltaiczne\/#breadcrumb\",\"itemListElement\":[{\"@type\":\"ListItem\",\"position\":1,\"name\":\"Strona g\u0142\u00f3wna\",\"item\":\"https:\/\/sufitron.com\/\"},{\"@type\":\"ListItem\",\"position\":2,\"name\":\"INSTALACJE FOTOWOLTAICZNE\"}]},{\"@type\":\"WebSite\",\"@id\":\"https:\/\/sufitron.com\/#website\",\"url\":\"https:\/\/sufitron.com\/\",\"name\":\"SUFITRON - Panele fotowoltaiczne, Sufity napinane\",\"description\":\"Postaw na jako\u015b\u0107\",\"potentialAction\":[{\"@type\":\"SearchAction\",\"target\":{\"@type\":\"EntryPoint\",\"urlTemplate\":\"https:\/\/sufitron.com\/?s={search_term_string}\"},\"query-input\":{\"@type\":\"PropertyValueSpecification\",\"valueRequired\":true,\"valueName\":\"search_term_string\"}}],\"inLanguage\":\"pl-PL\"}]}<\/script>\n<!-- \/ Yoast SEO plugin. -->","yoast_head_json":{"title":"INSTALACJE FOTOWOLTAICZNE - SUFITRON - Panele fotowoltaiczne, Sufity napinane","robots":{"index":"index","follow":"follow","max-snippet":"max-snippet:-1","max-image-preview":"max-image-preview:large","max-video-preview":"max-video-preview:-1"},"canonical":"https:\/\/sufitron.com\/index.php\/instalacje-fotowoltaiczne\/","og_locale":"pl_PL","og_type":"article","og_title":"INSTALACJE FOTOWOLTAICZNE - SUFITRON - Panele fotowoltaiczne, Sufity napinane","og_description":"[et_pb_section fb_built=&#8221;1&#8243; _builder_version=&#8221;4.5.7&#8243; _module_preset=&#8221;default&#8221; background_image=&#8221;https:\/\/sufitron.com\/wp-content\/uploads\/2020\/12\/solar-power-862602_1920.jpg&#8221; background_position=&#8221;top_center&#8221; background_blend=&#8221;hard-light&#8221; width=&#8221;99.5%&#8221; min_height=&#8221;1528.5px&#8221; custom_margin=&#8221;||-36px|||&#8221; custom_padding=&#8221;||0px|||&#8221; hover_enabled=&#8221;0&#8243;][et_pb_row _builder_version=&#8221;4.5.7&#8243; _module_preset=&#8221;default&#8221; custom_padding=&#8221;||0px|||&#8221; hover_enabled=&#8221;0&#8243;][et_pb_column type=&#8221;4_4&#8243; _builder_version=&#8221;4.5.7&#8243; _module_preset=&#8221;default&#8221;][et_pb_text _builder_version=&#8221;4.5.7&#8243; _module_preset=&#8221;default&#8221; text_font=&#8221;Actor||||||||&#8221; text_text_color=&#8221;#e02b20&#8243; text_font_size=&#8221;46px&#8221; text_letter_spacing=&#8221;6px&#8221; custom_padding=&#8221;||0px|||&#8221; hover_enabled=&#8221;0&#8243;] \u00a0\u00a0\u00a0\u00a0\u00a0\u00a0\u00a0\u00a0\u00a0 [\/et_pb_text][\/et_pb_column][\/et_pb_row][et_pb_row _builder_version=&#8221;4.5.7&#8243; _module_preset=&#8221;default&#8221; custom_padding=&#8221;||0px|||&#8221; hover_enabled=&#8221;0&#8243; custom_margin=&#8221;50px||||false|false&#8221;][et_pb_column type=&#8221;4_4&#8243; _builder_version=&#8221;4.5.7&#8243; _module_preset=&#8221;default&#8221;][et_pb_text _builder_version=&#8221;4.5.7&#8243; _module_preset=&#8221;default&#8221; text_font=&#8221;Actor||||||||&#8221; text_text_color=&#8221;#e02b20&#8243; text_font_size=&#8221;46px&#8221; text_letter_spacing=&#8221;6px&#8221; custom_margin=&#8221;||-397px|||&#8221; custom_padding=&#8221;||0px|||&#8221; hover_enabled=&#8221;0&#8243; text_font_size_last_edited=&#8221;on|phone&#8221; text_font_size_phone=&#8221;30px&#8221; text_line_height=&#8221;1.8em&#8221; background_color=&#8221;#ffffff&#8221;] ENERGIA ZE S\u0141O\u0143CA SKONTAKTUJ SI\u0118 [&hellip;]","og_url":"https:\/\/sufitron.com\/index.php\/instalacje-fotowoltaiczne\/","og_site_name":"SUFITRON - Panele fotowoltaiczne, Sufity napinane","article_modified_time":"2021-01-20T07:18:16+00:00","og_image":[{"url":"http:\/\/sufitron.dfirma.pl\/wp-content\/uploads\/2021\/01\/pobrany-plik-7-300x60.png","type":"","width":"","height":""}],"twitter_card":"summary_large_image","twitter_misc":{"Szacowany czas czytania":"1 minuta"},"schema":{"@context":"https:\/\/schema.org","@graph":[{"@type":"WebPage","@id":"https:\/\/sufitron.com\/index.php\/instalacje-fotowoltaiczne\/","url":"https:\/\/sufitron.com\/index.php\/instalacje-fotowoltaiczne\/","name":"INSTALACJE FOTOWOLTAICZNE - SUFITRON - Panele fotowoltaiczne, Sufity napinane","isPartOf":{"@id":"https:\/\/sufitron.com\/#website"},"primaryImageOfPage":{"@id":"https:\/\/sufitron.com\/index.php\/instalacje-fotowoltaiczne\/#primaryimage"},"image":{"@id":"https:\/\/sufitron.com\/index.php\/instalacje-fotowoltaiczne\/#primaryimage"},"thumbnailUrl":"https:\/\/sufitron.com\/wp-content\/uploads\/2021\/01\/pobrany-plik-7-300x60.png","datePublished":"2020-12-22T13:04:11+00:00","dateModified":"2021-01-20T07:18:16+00:00","breadcrumb":{"@id":"https:\/\/sufitron.com\/index.php\/instalacje-fotowoltaiczne\/#breadcrumb"},"inLanguage":"pl-PL","potentialAction":[{"@type":"ReadAction","target":["https:\/\/sufitron.com\/index.php\/instalacje-fotowoltaiczne\/"]}]},{"@type":"ImageObject","inLanguage":"pl-PL","@id":"https:\/\/sufitron.com\/index.php\/instalacje-fotowoltaiczne\/#primaryimage","url":"https:\/\/sufitron.com\/wp-content\/uploads\/2021\/01\/pobrany-plik-7.png","contentUrl":"https:\/\/sufitron.com\/wp-content\/uploads\/2021\/01\/pobrany-plik-7.png","width":503,"height":100},{"@type":"BreadcrumbList","@id":"https:\/\/sufitron.com\/index.php\/instalacje-fotowoltaiczne\/#breadcrumb","itemListElement":[{"@type":"ListItem","position":1,"name":"Strona g\u0142\u00f3wna","item":"https:\/\/sufitron.com\/"},{"@type":"ListItem","position":2,"name":"INSTALACJE FOTOWOLTAICZNE"}]},{"@type":"WebSite","@id":"https:\/\/sufitron.com\/#website","url":"https:\/\/sufitron.com\/","name":"SUFITRON - Panele fotowoltaiczne, Sufity napinane","description":"Postaw na jako\u015b\u0107","potentialAction":[{"@type":"SearchAction","target":{"@type":"EntryPoint","urlTemplate":"https:\/\/sufitron.com\/?s={search_term_string}"},"query-input":{"@type":"PropertyValueSpecification","valueRequired":true,"valueName":"search_term_string"}}],"inLanguage":"pl-PL"}]}},"_links":{"self":[{"href":"https:\/\/sufitron.com\/index.php\/wp-json\/wp\/v2\/pages\/8","targetHints":{"allow":["GET"]}}],"collection":[{"href":"https:\/\/sufitron.com\/index.php\/wp-json\/wp\/v2\/pages"}],"about":[{"href":"https:\/\/sufitron.com\/index.php\/wp-json\/wp\/v2\/types\/page"}],"author":[{"embeddable":true,"href":"https:\/\/sufitron.com\/index.php\/wp-json\/wp\/v2\/users\/1"}],"replies":[{"embeddable":true,"href":"https:\/\/sufitron.com\/index.php\/wp-json\/wp\/v2\/comments?post=8"}],"version-history":[{"count":0,"href":"https:\/\/sufitron.com\/index.php\/wp-json\/wp\/v2\/pages\/8\/revisions"}],"wp:attachment":[{"href":"https:\/\/sufitron.com\/index.php\/wp-json\/wp\/v2\/media?parent=8"}],"curies":[{"name":"wp","href":"https:\/\/api.w.org\/{rel}","templated":true}]}}